{"id":2601,"date":"2024-07-04T10:31:41","date_gmt":"2024-07-04T10:31:41","guid":{"rendered":"http:\/\/vps250.cesvima.upm.es\/wordpress\/?page_id=2601"},"modified":"2024-10-22T07:57:46","modified_gmt":"2024-10-22T07:57:46","slug":"publications","status":"publish","type":"page","link":"http:\/\/vps250.cesvima.upm.es\/wordpress\/english\/publications\/","title":{"rendered":"Publications"},"content":{"rendered":"\t\t<div data-elementor-type=\"wp-page\" data-elementor-id=\"2601\" class=\"elementor elementor-2601\">\n\t\t\t\t\t\t\t\t\t<section class=\"elementor-section elementor-top-section elementor-element elementor-element-3228cc4 elementor-section-boxed elementor-section-height-default elementor-section-height-default\" data-id=\"3228cc4\" data-element_type=\"section\">\n\t\t\t\t\t\t<div class=\"elementor-container elementor-column-gap-default\">\n\t\t\t\t\t<div class=\"elementor-column elementor-col-100 elementor-top-column elementor-element elementor-element-348f328\" data-id=\"348f328\" data-element_type=\"column\">\n\t\t\t<div class=\"elementor-widget-wrap elementor-element-populated\">\n\t\t\t\t\t\t\t\t<div class=\"elementor-element elementor-element-229dbbc elementor-widget elementor-widget-heading\" data-id=\"229dbbc\" data-element_type=\"widget\" data-widget_type=\"heading.default\">\n\t\t\t\t<div class=\"elementor-widget-container\">\n\t\t\t<style>\/*! elementor - v3.10.2 - 29-01-2023 *\/\n.elementor-heading-title{padding:0;margin:0;line-height:1}.elementor-widget-heading .elementor-heading-title[class*=elementor-size-]>a{color:inherit;font-size:inherit;line-height:inherit}.elementor-widget-heading .elementor-heading-title.elementor-size-small{font-size:15px}.elementor-widget-heading .elementor-heading-title.elementor-size-medium{font-size:19px}.elementor-widget-heading .elementor-heading-title.elementor-size-large{font-size:29px}.elementor-widget-heading .elementor-heading-title.elementor-size-xl{font-size:39px}.elementor-widget-heading .elementor-heading-title.elementor-size-xxl{font-size:59px}<\/style><h2 class=\"elementor-heading-title elementor-size-default\">PUBLICATIONS<\/h2>\t\t<\/div>\n\t\t\t\t<\/div>\n\t\t\t\t\t<\/div>\n\t\t<\/div>\n\t\t\t\t\t\t\t<\/div>\n\t\t<\/section>\n\t\t\t\t<section class=\"elementor-section elementor-top-section elementor-element elementor-element-82462f8 elementor-section-boxed elementor-section-height-default elementor-section-height-default\" data-id=\"82462f8\" data-element_type=\"section\">\n\t\t\t\t\t\t<div class=\"elementor-container elementor-column-gap-default\">\n\t\t\t\t\t<div class=\"elementor-column elementor-col-100 elementor-top-column elementor-element elementor-element-4a89b36\" data-id=\"4a89b36\" data-element_type=\"column\">\n\t\t\t<div class=\"elementor-widget-wrap elementor-element-populated\">\n\t\t\t\t\t\t\t\t<div class=\"elementor-element elementor-element-bf60e0e elementor-widget elementor-widget-text-editor\" data-id=\"bf60e0e\" data-element_type=\"widget\" data-widget_type=\"text-editor.default\">\n\t\t\t\t<div class=\"elementor-widget-container\">\n\t\t\t<style>\/*! elementor - v3.10.2 - 29-01-2023 *\/\n.elementor-widget-text-editor.elementor-drop-cap-view-stacked .elementor-drop-cap{background-color:#818a91;color:#fff}.elementor-widget-text-editor.elementor-drop-cap-view-framed .elementor-drop-cap{color:#818a91;border:3px solid;background-color:transparent}.elementor-widget-text-editor:not(.elementor-drop-cap-view-default) .elementor-drop-cap{margin-top:8px}.elementor-widget-text-editor:not(.elementor-drop-cap-view-default) .elementor-drop-cap-letter{width:1em;height:1em}.elementor-widget-text-editor .elementor-drop-cap{float:left;text-align:center;line-height:1;font-size:50px}.elementor-widget-text-editor .elementor-drop-cap-letter{display:inline-block}<\/style>\t\t\t\t<ul><li>E. Nicolini, M. L. German\u00e0, G. Marcon, M. Chiodi, A. Guti\u00e9rrez, F. Olivieri. (2022) <strong style=\"font-size: 16px;\"><em>Monitoring of the effect of solar radiation and rain on the building envelope with integrated vertical vegetation, Building and Environment, DOI:109731,\u00a0<\/em><\/strong><em style=\"font-size: 16px;\">https:\/\/doi.org\/10.1016\/j.buildenv.2022.109731.<\/em><\/li><\/ul><div><i>\u00a0<\/i><\/div><ul><li>N. Mart\u00ednChivelet, K. Kapsis Helen, R. Wilson, V. Delisle, R. Yan, L. Olivieri, J. Polo, J. Eisenlohr, B. Roy, L. Maturi, G. Otnes, M. Dallapiccola, W.M, Pabasara Upalakshi Wijeratne. (2022)\u00a0\u00a0<strong><em>Building-Integrated Photovoltaic (BIPV) products and systems: A review of energy-related behavior. Energy and Buildings, Vol.262, 111998.<\/em><\/strong><\/li><\/ul><div><b><i>\u00a0<\/i><\/b><\/div><ul><li>L. Olivieri, E. Caama\u00f1o Mart\u00edn, L.N. Sassenou, F.Olivieri (2020) <strong><em>Contribution of photovoltaic distributed generation to the transition towards an mission-free supply to <\/em><\/strong><strong><em>university campus mission-free supply to university campus emission reduction at the Universidad <\/em><\/strong><strong><em>Politecnica de Madrid, Renewable Energy [Q1, JCR] DOI: 10.1016\/j.renene.2020.09.120 ISSN: 0960-1481<\/em><\/strong><\/li><\/ul><div><b><i>\u00a0<\/i><\/b><\/div><ul><li>V. Oquendo-Di Cosola, F. Olivieri, J.A. S\u00e1nchezRes\u00e9ndiz, L.Olivieri (2020)\u00a0<strong><em>Actions for adaptation and mitigation to climate change: Madrid case study. Revista Facultad de <\/em><\/strong><strong><em>Ingenier\u00eda. [Q3, SJR] DOI: 10.17533\/udea.redin.20200795 ISSN: 0120-6230 <\/em><\/strong><strong><em>2422-2844<\/em><\/strong><\/li><\/ul><div><b><i>\u00a0<\/i><\/b><\/div><ul><li>R. Sendra-Arranz, V. Oquendo-Di Cosola, L.Olivieri, F. Olivieri, C.Bedoya, A. Guti\u00e9rrez (2020) <strong><em>Monitorization and statistical analysis of south and west green-walls in a retrofitted building in Madrid, <\/em><\/strong><strong><em>Building and Environment [Q1, JCR] DOI: 10.1016\/j.buildenv.2020.107049A. ISSN: 0360-1323<\/em><\/strong><\/li><\/ul><div><b><i>\u00a0<\/i><\/b><\/div><ul><li>R. Sendra-Arranz; \u00c1. Guti\u00e9rrez Mart\u00edn (2020) <strong><em>A long short-term memory artificial neural network to predict daily HVAC consumption in <\/em><\/strong><strong><em>buildings. Revista Energy and Buildings ISSN 0 378-77882020\/216\/109952 <\/em><\/strong><strong><em>D.O.I.https:\/\/doi.org\/10.1016\/j.enbuild.2020.109952<\/em><\/strong><\/li><\/ul><div><b><i>\u00a0<\/i><\/b><\/div><ul><li>J. Gallego Sanchez\u2010Torija, E. Larrumbide G\u00f3mez\u2010Rubiera y C. Bedoya Frutos (2020) <strong><em>Metabolismo en los edificios. Estudio de medidas para el ahorro del consumo de agua en tres centros <\/em><\/strong><strong><em>docentes en Madrid., Informes de la Construcci\u00f3n. Vol. 72, N\u00ba 557, e325. Consejo Superior de\u00a0<\/em><\/strong><strong><em>Investigaciones Cient\u00edficas. ISSNL: <\/em><\/strong><strong><em>00200883\u00a0 \u00a0 <\/em><\/strong><strong><em>doi.org\/10.3989\/ic.67829, 113<\/em><\/strong><\/li><\/ul><div>\u00a0<\/div><ul><li>R. Morales, J. Fraile-Ardanuy, A. Guti\u00e9rrez, D. Jim\u00e9nez, B. Artaloytia, R. AlvaroHermana, J. Merin, S. Casta\u00f1oSolis.(2019)\u00a0<em style=\"font-weight: inherit; color: var( --e-global-color-text ); background-color: var(--ast-global-color-4);\"><strong>Electric vehicles as distributed energy storage for local energy management. ICT for Electric Vehicle Integration with the Smart Grid. Chapter 19, pages 239-266<\/strong><\/em><\/li><\/ul><div><b><i>\u00a0<\/i><\/b><\/div><ul><li>E. Matallanas, M. CastilloCagigal, E. Caama\u00f1oMart\u00edn, A. Guti\u00e9rrez (2019)\u00a0<em><strong>Neutral controller for the smoothness of continuous signals: an electrical grid example, Neutral Computing and Applications DOI:<\/strong> https:\/\/doi.org\/10.1007\/s00521-019-04139-3 ISSN: 0941-0643<\/em><\/li><\/ul><div><i>\u00a0<\/i><\/div><ul><li>J. Gallego Sanchez-Torija, E. larrumbide Gomez-Rubiera, C. Bedoya Frutos, (2019) <strong><em>Zero cost conditioning techniques to improve the indoor environment of school buildings, Revista de la construccion, ISSN 0718-915X\/2019\/525\/535\/DOI 10.7764\/RDLC.18.3.525<\/em><\/strong><\/li><\/ul><div><i>\u00a0<\/i><\/div><ul><li>B. Arranz, C. Bedoya-Frutos, S. VegaS\u00e1nchez (2018) <strong><em>Proposal of a product indicator as a tool for a comprehensive assessment of windows, ArchNet \u2013 IJAR: International Journal of Architectural Research (Q1) Volume 12. Issue 1 ISSN: 1994-6961<\/em><\/strong><\/li><\/ul><div><i>\u00a0<\/i><\/div><ul><li>R. Carabano, S. M. Hernando, D. Ruiz, C. Bedoya, (2017) <em><strong>Life Cycle Assessment (LCA) of building materials for the evaluation of building sustainability: the case <\/strong><\/em><em><strong>of thermal insulation materials. Revista de la construccion,2017, vol.16, n.1, pp.22-32. ISSN 0718-<\/strong><\/em><em><strong>915X.<\/strong> \u00a0<\/em><em>http:\/\/dx.doi.org\/10.7764\/RDLC.16.1.22.<\/em><\/li><\/ul><div><i>\u00a0<\/i><\/div><ul><li>J. C. Solano; L. Olivieri\u037e E. Caama\u00f1o Mart\u00edn (2017) <em><strong>Assessing the potential of PV hybrid systems to cover HVAC loads in a grid-connected residential <\/strong><\/em><em><strong>building through intelligentcontrol. Applied Energy ISSN0306-2619, 2017\/206\/249\/266<\/strong><\/em><br \/><em><strong>D.O.I<\/strong><\/em>. <em>https:\/\/doi.org\/10.1016\/j.apenergy.2017.08.188<\/em><\/li><\/ul>\t\t\t\t\t\t<\/div>\n\t\t\t\t<\/div>\n\t\t\t\t\t<\/div>\n\t\t<\/div>\n\t\t\t\t\t\t\t<\/div>\n\t\t<\/section>\n\t\t\t\t<section class=\"elementor-section elementor-top-section elementor-element elementor-element-b703888 elementor-section-boxed elementor-section-height-default elementor-section-height-default\" data-id=\"b703888\" data-element_type=\"section\">\n\t\t\t\t\t\t<div class=\"elementor-container elementor-column-gap-default\">\n\t\t\t\t\t<div class=\"elementor-column elementor-col-100 elementor-top-column elementor-element elementor-element-b2c0f97\" data-id=\"b2c0f97\" data-element_type=\"column\">\n\t\t\t<div class=\"elementor-widget-wrap\">\n\t\t\t\t\t\t\t\t\t<\/div>\n\t\t<\/div>\n\t\t\t\t\t\t\t<\/div>\n\t\t<\/section>\n\t\t\t\t<section class=\"elementor-section elementor-top-section elementor-element elementor-element-14a5aae elementor-section-boxed elementor-section-height-default elementor-section-height-default\" data-id=\"14a5aae\" data-element_type=\"section\">\n\t\t\t\t\t\t<div class=\"elementor-container elementor-column-gap-default\">\n\t\t\t\t\t<div class=\"elementor-column elementor-col-100 elementor-top-column elementor-element elementor-element-43558b0\" data-id=\"43558b0\" data-element_type=\"column\">\n\t\t\t<div class=\"elementor-widget-wrap\">\n\t\t\t\t\t\t\t\t\t<\/div>\n\t\t<\/div>\n\t\t\t\t\t\t\t<\/div>\n\t\t<\/section>\n\t\t\t\t\t\t\t<\/div>\n\t\t","protected":false},"excerpt":{"rendered":"<p>PUBLICATIONS E. Nicolini, M. L. German\u00e0, G. Marcon, M. Chiodi, A. Guti\u00e9rrez, F. Olivieri. (2022) Monitoring of the effect of solar radiation and rain on the building envelope with integrated vertical vegetation, Building and Environment, DOI:109731,\u00a0https:\/\/doi.org\/10.1016\/j.buildenv.2022.109731. \u00a0 N. Mart\u00ednChivelet, K. Kapsis Helen, R. Wilson, V. Delisle, R. Yan, L. Olivieri, J. Polo, J. Eisenlohr, B. &hellip;<\/p>\n<p class=\"read-more\"> <a class=\"\" href=\"http:\/\/vps250.cesvima.upm.es\/wordpress\/english\/publications\/\"> <span class=\"screen-reader-text\">Publications<\/span> Leer m\u00e1s &raquo;<\/a><\/p>\n","protected":false},"author":1,"featured_media":0,"parent":2599,"menu_order":0,"comment_status":"closed","ping_status":"closed","template":"","meta":{"site-sidebar-layout":"no-sidebar","site-content-layout":"page-builder","ast-global-header-display":"","ast-main-header-display":"","ast-hfb-above-header-display":"","ast-hfb-below-header-display":"","ast-hfb-mobile-header-display":"","site-post-title":"disabled","ast-breadcrumbs-content":"","ast-featured-img":"disabled","footer-sml-layout":"","theme-transparent-header-meta":"","adv-header-id-meta":"","stick-header-meta":"","header-above-stick-meta":"","header-main-stick-meta":"","header-below-stick-meta":"","footnotes":""},"class_list":["post-2601","page","type-page","status-publish","hentry"],"_links":{"self":[{"href":"http:\/\/vps250.cesvima.upm.es\/wordpress\/wp-json\/wp\/v2\/pages\/2601","targetHints":{"allow":["GET"]}}],"collection":[{"href":"http:\/\/vps250.cesvima.upm.es\/wordpress\/wp-json\/wp\/v2\/pages"}],"about":[{"href":"http:\/\/vps250.cesvima.upm.es\/wordpress\/wp-json\/wp\/v2\/types\/page"}],"author":[{"embeddable":true,"href":"http:\/\/vps250.cesvima.upm.es\/wordpress\/wp-json\/wp\/v2\/users\/1"}],"replies":[{"embeddable":true,"href":"http:\/\/vps250.cesvima.upm.es\/wordpress\/wp-json\/wp\/v2\/comments?post=2601"}],"version-history":[{"count":8,"href":"http:\/\/vps250.cesvima.upm.es\/wordpress\/wp-json\/wp\/v2\/pages\/2601\/revisions"}],"predecessor-version":[{"id":2788,"href":"http:\/\/vps250.cesvima.upm.es\/wordpress\/wp-json\/wp\/v2\/pages\/2601\/revisions\/2788"}],"up":[{"embeddable":true,"href":"http:\/\/vps250.cesvima.upm.es\/wordpress\/wp-json\/wp\/v2\/pages\/2599"}],"wp:attachment":[{"href":"http:\/\/vps250.cesvima.upm.es\/wordpress\/wp-json\/wp\/v2\/media?parent=2601"}],"curies":[{"name":"wp","href":"https:\/\/api.w.org\/{rel}","templated":true}]}}